{"id":2450,"date":"2024-09-17T10:47:01","date_gmt":"2024-09-17T14:47:01","guid":{"rendered":"https:\/\/mecanicad.ca\/?page_id=2450"},"modified":"2024-09-17T10:48:37","modified_gmt":"2024-09-17T14:48:37","slug":"politique-de-confidentialite","status":"publish","type":"page","link":"https:\/\/mecanicad.ca\/fr\/politique-de-confidentialite\/","title":{"rendered":"Politique de confidentialit\u00e9"},"content":{"rendered":"<div class=\"fusion-fullwidth fullwidth-box fusion-builder-row-1 fusion-flex-container has-pattern-background has-mask-background nonhundred-percent-fullwidth non-hundred-percent-height-scrolling\" style=\"--awb-border-radius-top-left:0px;--awb-border-radius-top-right:0px;--awb-border-radius-bottom-right:0px;--awb-border-radius-bottom-left:0px;--awb-flex-wrap:wrap;\" ><div class=\"fusion-builder-row fusion-row fusion-flex-align-items-flex-start fusion-flex-justify-content-center fusion-flex-content-wrap\" style=\"max-width:1757.6px;margin-left: calc(-4% \/ 2 );margin-right: calc(-4% \/ 2 );\"><div class=\"fusion-layout-column fusion_builder_column fusion-builder-column-0 fusion_builder_column_3_4 3_4 fusion-flex-column\" style=\"--awb-padding-top:30px;--awb-padding-bottom:70px;--awb-bg-size:cover;--awb-width-large:75%;--awb-margin-top-large:0px;--awb-spacing-right-large:2.56%;--awb-margin-bottom-large:20px;--awb-spacing-left-large:2.56%;--awb-width-medium:75%;--awb-order-medium:0;--awb-spacing-right-medium:2.56%;--awb-spacing-left-medium:2.56%;--awb-width-small:100%;--awb-order-small:0;--awb-spacing-right-small:1.92%;--awb-spacing-left-small:1.92%;\"><div class=\"fusion-column-wrapper fusion-column-has-shadow fusion-flex-justify-content-flex-start fusion-content-layout-column\"><div class=\"fusion-text fusion-text-1\"><h2><strong>Politique de confidentialit\u00e9 et de protection des renseignements personnels<\/strong><\/h2>\n<p>M\u00e9canicad Inc. est une agence de marketing et design web \u0153uvrant plus commun\u00e9ment sous le nom de M\u00e9canicad (\u00ab M\u00e9canicad \u00bb, \u00ab notre \u00bb, \u00ab nous \u00bb, \u00ab mecanicad.ca \u00bb). Nous prenons la protection de vos renseignements personnels (\u00ab renseignements \u00bb, \u00ab\u00a0donn\u00e9es \u00bb, \u00ab informations \u00bb) tr\u00e8s au s\u00e9rieux dans le cadre de votre utilisation de nos services et de notre site.<\/p>\n<p>L'objectif de cette Politique de confidentialit\u00e9 (\u00ab Politique\u00a0\u00bb) est de vous informer \u00e0 propos de nos pratiques en mati\u00e8re de protection des renseignements personnels, les types de renseignements personnels que nous pouvons recueillir et la mani\u00e8re dont nous les utilisons, les divulguons, les stockons et les s\u00e9curisons.<\/p>\n<h3><strong>Donn\u00e9es collect\u00e9es<\/strong><\/h3>\n<p>Dans cette Politique, \u00ab\u00a0renseignements personnels\u00a0\u00bb d\u00e9signe toute information, utilis\u00e9e seule ou en combinaison avec d'autres, qui permettrait de vous identifier, de vous contacter ou de vous localiser.<\/p>\n<p>Lors de votre visite sur www.mecanicad.ca, sont collect\u00e9es automatiquement certaines informations via l'outil Google Analytics\u00a0:<\/p>\n<ul>\n<li><em>Adresse IP<\/em><\/li>\n<li><em>Lieu, \u00e2ge, sexe<\/em><\/li>\n<li><em>D\u00e9tails mat\u00e9riels et logiciels<\/em><\/li>\n<li><em>Contenu que l'utilisateur consulte sur notre site<\/em><\/li>\n<li><em>Liens sur lesquels un utilisateur clique en allant sur le site<\/em><\/li>\n<\/ul>\n<p>D'autres renseignements sont aussi r\u00e9colt\u00e9s non automatiquement via\u00a0les formulaires de contact. Cela inclut les donn\u00e9es suivantes\u00a0:<\/p>\n<ul>\n<li><em>Pr\u00e9nom, Nom<\/em><\/li>\n<li><em>Courriel<\/em><\/li>\n<li><em>Num\u00e9ro de t\u00e9l\u00e9phone<\/em><\/li>\n<\/ul>\n<p>Il est important de noter que vos informations financi\u00e8res, comme vos donn\u00e9es bancaires ou vos informations de carte de cr\u00e9dit, ne sont pas collect\u00e9es, trait\u00e9es ou conserv\u00e9es par M\u00e9canicad. Pour plus de renseignements sur la collecte, le traitement ou la conservation de ces informations, vous pouvez vous r\u00e9f\u00e9rer aux conditions et politiques de nos partenaires.<\/p>\n<h3><strong>Utilisation des donn\u00e9es<\/strong><\/h3>\n<p>Nous ne collectons que les donn\u00e9es qui nous aident \u00e0 atteindre l'objectif \u00e9nonc\u00e9 dans cette Politique. Nous ne recueillerons pas de donn\u00e9es suppl\u00e9mentaires sans d'abord vous en informer.<\/p>\n<p>Nous utilisons ces donn\u00e9es notamment pour\u00a0:<\/p>\n<ul>\n<li><em>R\u00e9aliser des contrats<\/em><\/li>\n<li><em>Envoyer des offres promotionnelles et des communications cibl\u00e9es via notre infolettre<\/em><\/li>\n<li><em>Faire des analyses statistiques pour am\u00e9liorer le site<\/em><\/li>\n<li><em>Faire un suivi aupr\u00e8s de vous<\/em><\/li>\n<li><em>Dans le cadre d'un protocole de s\u00e9curit\u00e9 des donn\u00e9es<\/em><\/li>\n<\/ul>\n<h3><strong>Mesures de s\u00e9curit\u00e9<\/strong><\/h3>\n<p>Les renseignements personnels que nous collectons sont conserv\u00e9s dans un environnement s\u00e9curis\u00e9 et contr\u00f4l\u00e9. Les personnes travaillant pour nous sont tenues de respecter la confidentialit\u00e9 de vos informations.<\/p>\n<p>Pour assurer la s\u00e9curit\u00e9 de vos renseignements personnels, nous avons recours aux mesures suivantes\u00a0:<\/p>\n<ul>\n<li><em>Protocole SSL\/TLS<\/em><\/li>\n<li><em>Protocole SET<\/em><\/li>\n<li><em>Gestion des acc\u00e8s \u2014 personne autoris\u00e9e<\/em><\/li>\n<li><em>Gestion des acc\u00e8s \u2014 personne concern\u00e9e<\/em><\/li>\n<li><em>Double authentification<\/em><\/li>\n<li><em>Logiciel de surveillance du r\u00e9seau<\/em><\/li>\n<li><em>Sauvegarde informatique<\/em><\/li>\n<li><em>Identifiant\/mot de passe<\/em><\/li>\n<li><em>Logiciel de gestion des mots de passe<\/em><\/li>\n<li><em>Pare-feu<\/em><\/li>\n<\/ul>\n<h3><strong>Transfert international des donn\u00e9es collect\u00e9es<\/strong><\/h3>\n<p>Les donn\u00e9es utilisateur peuvent \u00eatre consult\u00e9es, trait\u00e9es ou collect\u00e9es dans les pays suivants\u00a0: Canada et en ce qui concerne notre site Web, de tout pays o\u00f9 se trouve l'utilisateur.<\/p>\n<p><strong>Dur\u00e9e de l'exploitation des donn\u00e9es<\/strong><\/p>\n<p>Nous stockons les donn\u00e9es personnelles pour une dur\u00e9e illimit\u00e9e. Vous pouvez nous contacter si vous souhaitez modifier vos donn\u00e9es personnelles, les supprimer ou les anonymiser.<\/p>\n<h3><strong>Gestion des incidents de s\u00e9curit\u00e9<\/strong><\/h3>\n<p>En cas de fuite de vos donn\u00e9es personnelles, nous vous en tiendrons inform\u00e9 et rapporterons l'incident \u00e0 la Commission d'acc\u00e8s \u00e0 l'information du Qu\u00e9bec,\u00a0<a href=\"https:\/\/www.quebec.ca\/nouvelles\/actualites\/details\/loi-25-nouvelles-dispositions-protegeant-la-vie-privee-des-quebecois-certaines-dispositions-entrent-en-vigueur-aujourdhui-43212\">conform\u00e9ment \u00e0 la loi\u00a025<\/a>.<\/p>\n<h3><strong>Droits d'acc\u00e8s, d'opposition et de retrait<\/strong><\/h3>\n<p>Si vous \u00eates r\u00e9sident\u00b7e du Qu\u00e9bec, conform\u00e9ment \u00e0 la loi\u00a025, vous b\u00e9n\u00e9ficiez de droits sp\u00e9cifiques concernant vos donn\u00e9es personnelles\u00a0:<\/p>\n<ul>\n<li><em>Droit d'\u00eatre inform\u00e9\u00b7e<\/em><\/li>\n<li><em>Droit d'acc\u00e8s<\/em><\/li>\n<li><em>Droit \u00e0 la rectification<\/em><\/li>\n<li><em>Droit \u00e0 la portabilit\u00e9 des donn\u00e9es<\/em><\/li>\n<\/ul>\n<p>Vous avez le droit de vous opposer \u00e0 l'utilisation de vos donn\u00e9es et de les retirer. Vous pouvez aussi les consulter ou les modifier. Pour exercer ces droits, contactez notre responsable de la protection des donn\u00e9es personnelles\u00a0:<\/p>\n<p><strong>St\u00e9phane Larouche, responsable de la protection des donn\u00e9es personnelles<\/strong><br \/>115, rue Jacques-Bibeau<br \/>Rouyn-Noranda (Qu\u00e9bec) \u00a0J9Y 0A3<br \/>819\u00a0797-2009, poste\u00a0105<\/p>\n<p>Vous pouvez visiter notre site sans r\u00e9v\u00e9ler votre identit\u00e9. Cependant, certaines fonctionnalit\u00e9s n\u00e9cessitent la collecte de donn\u00e9es personnelles. Vous avez toujours le choix de ne pas fournir ces informations.<\/p>\n<p>La loi\u00a025 pr\u00e9cise que les personnes de moins de 14\u00a0ans sont consid\u00e9r\u00e9es comme des mineurs aux fins de la collecte de donn\u00e9es. Leurs renseignements personnels ne pourront \u00eatre recueillis aupr\u00e8s de celui-ci\u00a0<a href=\"https:\/\/www.cai.gouv.qc.ca\/espace-evolutif-modernisation-lois\/thematiques\/mineurs\/\">sans le consentement du titulaire de l'autorit\u00e9<\/a>\u00a0parentale ou du tuteur, sauf lorsque cette collecte sera manifestement au b\u00e9n\u00e9fice de ce mineur.<\/p>\n<h3><strong>Liens externes<\/strong><\/h3>\n<p>Cette Politique s'applique \u00e0 notre site. Toutefois, nous aimerions sp\u00e9cifier que les obligations d\u00e9crites dans cette Politique ne couvrent pas les sites web tiers, lesquels proposent leurs propres politiques de confidentialit\u00e9 sur lesquelles nous n'avons aucun pouvoir.<\/p>\n<h3><strong>L\u00e9gislation<\/strong><\/h3>\n<p>Mecanicad.ca se conforme strictement \u00e0 la loi\u00a025 du Qu\u00e9bec en mati\u00e8re de protection des donn\u00e9es personnelles. Nous nous engageons \u00e0 respecter les dispositions l\u00e9gislatives \u00e9nonc\u00e9es dans la l\u00e9gislation canadienne. Nous nous engageons \u00e0 ne pas vendre ou partager vos donn\u00e9es avec des tiers sauf si la loi l'exige ou en cas de proc\u00e9dure judiciaire.<\/p>\n<\/div><\/div><\/div><\/div><\/div>\n","protected":false},"excerpt":{"rendered":"","protected":false},"author":1,"featured_media":0,"parent":0,"menu_order":0,"comment_status":"closed","ping_status":"closed","template":"100-width.php","meta":{"footnotes":""},"class_list":["post-2450","page","type-page","status-publish","hentry"],"yoast_head":"<!-- This site is optimized with the Yoast SEO plugin v25.7 - https:\/\/yoast.com\/wordpress\/plugins\/seo\/ -->\n<title>Politique de confidentialit\u00e9 - M\u00e9canicad<\/title>\n<meta name=\"robots\" content=\"index, follow, max-snippet:-1, max-image-preview:large, max-video-preview:-1\" \/>\n<link rel=\"canonical\" href=\"https:\/\/mecanicad.ca\/fr\/politique-de-confidentialite\/\" \/>\n<meta property=\"og:locale\" content=\"fr_FR\" \/>\n<meta property=\"og:type\" content=\"article\" \/>\n<meta property=\"og:title\" content=\"Politique de confidentialit\u00e9 - M\u00e9canicad\" \/>\n<meta property=\"og:url\" content=\"https:\/\/mecanicad.ca\/fr\/politique-de-confidentialite\/\" \/>\n<meta property=\"og:site_name\" content=\"M\u00e9canicad\" \/>\n<meta property=\"article:publisher\" content=\"https:\/\/www.facebook.com\/mecanivent\" \/>\n<meta property=\"article:modified_time\" content=\"2024-09-17T14:48:37+00:00\" \/>\n<meta name=\"twitter:card\" content=\"summary_large_image\" \/>\n<meta name=\"twitter:label1\" content=\"Dur\u00e9e de lecture estim\u00e9e\" \/>\n\t<meta name=\"twitter:data1\" content=\"1 minute\" \/>\n<script type=\"application\/ld+json\" class=\"yoast-schema-graph\">{\"@context\":\"https:\/\/schema.org\",\"@graph\":[{\"@type\":\"WebPage\",\"@id\":\"https:\/\/mecanicad.ca\/fr\/politique-de-confidentialite\/\",\"url\":\"https:\/\/mecanicad.ca\/fr\/politique-de-confidentialite\/\",\"name\":\"Politique de confidentialit\u00e9 - M\u00e9canicad\",\"isPartOf\":{\"@id\":\"https:\/\/mecanicad.ca\/fr\/#website\"},\"datePublished\":\"2024-09-17T14:47:01+00:00\",\"dateModified\":\"2024-09-17T14:48:37+00:00\",\"breadcrumb\":{\"@id\":\"https:\/\/mecanicad.ca\/fr\/politique-de-confidentialite\/#breadcrumb\"},\"inLanguage\":\"fr-FR\",\"potentialAction\":[{\"@type\":\"ReadAction\",\"target\":[\"https:\/\/mecanicad.ca\/fr\/politique-de-confidentialite\/\"]}]},{\"@type\":\"BreadcrumbList\",\"@id\":\"https:\/\/mecanicad.ca\/fr\/politique-de-confidentialite\/#breadcrumb\",\"itemListElement\":[{\"@type\":\"ListItem\",\"position\":1,\"name\":\"Accueil\",\"item\":\"https:\/\/mecanicad.ca\/fr\/\"},{\"@type\":\"ListItem\",\"position\":2,\"name\":\"Politique de confidentialit\u00e9\"}]},{\"@type\":\"WebSite\",\"@id\":\"https:\/\/mecanicad.ca\/fr\/#website\",\"url\":\"https:\/\/mecanicad.ca\/fr\/\",\"name\":\"M\u00e9canicad\",\"description\":\"Ventilation mine tunnel expert plastique\",\"publisher\":{\"@id\":\"https:\/\/mecanicad.ca\/fr\/#organization\"},\"potentialAction\":[{\"@type\":\"SearchAction\",\"target\":{\"@type\":\"EntryPoint\",\"urlTemplate\":\"https:\/\/mecanicad.ca\/fr\/?s={search_term_string}\"},\"query-input\":{\"@type\":\"PropertyValueSpecification\",\"valueRequired\":true,\"valueName\":\"search_term_string\"}}],\"inLanguage\":\"fr-FR\"},{\"@type\":\"Organization\",\"@id\":\"https:\/\/mecanicad.ca\/fr\/#organization\",\"name\":\"M\u00e9canicad\",\"url\":\"https:\/\/mecanicad.ca\/fr\/\",\"logo\":{\"@type\":\"ImageObject\",\"inLanguage\":\"fr-FR\",\"@id\":\"https:\/\/mecanicad.ca\/fr\/#\/schema\/logo\/image\/\",\"url\":\"https:\/\/mecanicad.ca\/wp-content\/uploads\/2023\/02\/logo-mecanicad-conduit-ventilation-mine-sous-terrain.png\",\"contentUrl\":\"https:\/\/mecanicad.ca\/wp-content\/uploads\/2023\/02\/logo-mecanicad-conduit-ventilation-mine-sous-terrain.png\",\"width\":442,\"height\":368,\"caption\":\"M\u00e9canicad\"},\"image\":{\"@id\":\"https:\/\/mecanicad.ca\/fr\/#\/schema\/logo\/image\/\"},\"sameAs\":[\"https:\/\/www.facebook.com\/mecanivent\",\"https:\/\/www.linkedin.com\/company\/mecanicad-ug-ventilation\/\"]}]}<\/script>\n<!-- \/ Yoast SEO plugin. -->","yoast_head_json":{"title":"Politique de confidentialit\u00e9 - M\u00e9canicad","robots":{"index":"index","follow":"follow","max-snippet":"max-snippet:-1","max-image-preview":"max-image-preview:large","max-video-preview":"max-video-preview:-1"},"canonical":"https:\/\/mecanicad.ca\/fr\/politique-de-confidentialite\/","og_locale":"fr_FR","og_type":"article","og_title":"Politique de confidentialit\u00e9 - M\u00e9canicad","og_url":"https:\/\/mecanicad.ca\/fr\/politique-de-confidentialite\/","og_site_name":"M\u00e9canicad","article_publisher":"https:\/\/www.facebook.com\/mecanivent","article_modified_time":"2024-09-17T14:48:37+00:00","twitter_card":"summary_large_image","twitter_misc":{"Dur\u00e9e de lecture estim\u00e9e":"1 minute"},"schema":{"@context":"https:\/\/schema.org","@graph":[{"@type":"WebPage","@id":"https:\/\/mecanicad.ca\/fr\/politique-de-confidentialite\/","url":"https:\/\/mecanicad.ca\/fr\/politique-de-confidentialite\/","name":"Politique de confidentialit\u00e9 - M\u00e9canicad","isPartOf":{"@id":"https:\/\/mecanicad.ca\/fr\/#website"},"datePublished":"2024-09-17T14:47:01+00:00","dateModified":"2024-09-17T14:48:37+00:00","breadcrumb":{"@id":"https:\/\/mecanicad.ca\/fr\/politique-de-confidentialite\/#breadcrumb"},"inLanguage":"fr-FR","potentialAction":[{"@type":"ReadAction","target":["https:\/\/mecanicad.ca\/fr\/politique-de-confidentialite\/"]}]},{"@type":"BreadcrumbList","@id":"https:\/\/mecanicad.ca\/fr\/politique-de-confidentialite\/#breadcrumb","itemListElement":[{"@type":"ListItem","position":1,"name":"Accueil","item":"https:\/\/mecanicad.ca\/fr\/"},{"@type":"ListItem","position":2,"name":"Politique de confidentialit\u00e9"}]},{"@type":"WebSite","@id":"https:\/\/mecanicad.ca\/fr\/#website","url":"https:\/\/mecanicad.ca\/fr\/","name":"M\u00e9canicad","description":"Ventilation mine tunnel expert plastique","publisher":{"@id":"https:\/\/mecanicad.ca\/fr\/#organization"},"potentialAction":[{"@type":"SearchAction","target":{"@type":"EntryPoint","urlTemplate":"https:\/\/mecanicad.ca\/fr\/?s={search_term_string}"},"query-input":{"@type":"PropertyValueSpecification","valueRequired":true,"valueName":"search_term_string"}}],"inLanguage":"fr-FR"},{"@type":"Organization","@id":"https:\/\/mecanicad.ca\/fr\/#organization","name":"M\u00e9canicad","url":"https:\/\/mecanicad.ca\/fr\/","logo":{"@type":"ImageObject","inLanguage":"fr-FR","@id":"https:\/\/mecanicad.ca\/fr\/#\/schema\/logo\/image\/","url":"https:\/\/mecanicad.ca\/wp-content\/uploads\/2023\/02\/logo-mecanicad-conduit-ventilation-mine-sous-terrain.png","contentUrl":"https:\/\/mecanicad.ca\/wp-content\/uploads\/2023\/02\/logo-mecanicad-conduit-ventilation-mine-sous-terrain.png","width":442,"height":368,"caption":"M\u00e9canicad"},"image":{"@id":"https:\/\/mecanicad.ca\/fr\/#\/schema\/logo\/image\/"},"sameAs":["https:\/\/www.facebook.com\/mecanivent","https:\/\/www.linkedin.com\/company\/mecanicad-ug-ventilation\/"]}]}},"_links":{"self":[{"href":"https:\/\/mecanicad.ca\/fr\/wp-json\/wp\/v2\/pages\/2450","targetHints":{"allow":["GET"]}}],"collection":[{"href":"https:\/\/mecanicad.ca\/fr\/wp-json\/wp\/v2\/pages"}],"about":[{"href":"https:\/\/mecanicad.ca\/fr\/wp-json\/wp\/v2\/types\/page"}],"author":[{"embeddable":true,"href":"https:\/\/mecanicad.ca\/fr\/wp-json\/wp\/v2\/users\/1"}],"replies":[{"embeddable":true,"href":"https:\/\/mecanicad.ca\/fr\/wp-json\/wp\/v2\/comments?post=2450"}],"version-history":[{"count":2,"href":"https:\/\/mecanicad.ca\/fr\/wp-json\/wp\/v2\/pages\/2450\/revisions"}],"predecessor-version":[{"id":2452,"href":"https:\/\/mecanicad.ca\/fr\/wp-json\/wp\/v2\/pages\/2450\/revisions\/2452"}],"wp:attachment":[{"href":"https:\/\/mecanicad.ca\/fr\/wp-json\/wp\/v2\/media?parent=2450"}],"curies":[{"name":"wp","href":"https:\/\/api.w.org\/{rel}","templated":true}]}}